{"id":552,"date":"2019-06-17T08:41:51","date_gmt":"2019-06-17T08:41:51","guid":{"rendered":"http:\/\/poor-salmon.w5.wpsandbox.pro\/?page_id=6"},"modified":"2020-07-24T08:13:35","modified_gmt":"2020-07-24T08:13:35","slug":"about","status":"publish","type":"page","link":"https:\/\/www.yosoycristina.com\/web\/about\/","title":{"rendered":"\u00bfQui\u00e9n es Cristina?"},"content":{"rendered":"<div id=\"fb-root\"><\/div>\n\t\t<div data-elementor-type=\"wp-post\" data-elementor-id=\"552\" class=\"elementor elementor-552\" data-elementor-settings=\"[]\">\n\t\t\t\t\t\t<div class=\"elementor-inner\">\n\t\t\t\t\t\t\t<div class=\"elementor-section-wrap\">\n\t\t\t\t\t\t\t<section class=\"elementor-section elementor-top-section elementor-element elementor-element-526f207 elementor-section-full_width elementor-section-height-default elementor-section-height-default\" data-id=\"526f207\" data-element_type=\"section\">\n\t\t\t\t\t\t<div class=\"elementor-container elementor-column-gap-default\">\n\t\t\t\t\t\t\t<div class=\"elementor-row\">\n\t\t\t\t\t<div class=\"elementor-column elementor-col-100 elementor-top-column elementor-element elementor-element-29b6738\" data-id=\"29b6738\" data-element_type=\"column\">\n\t\t\t<div class=\"elementor-column-wrap elementor-element-populated\">\n\t\t\t\t\t\t\t<div class=\"elementor-widget-wrap\">\n\t\t\t\t\t\t<div class=\"elementor-element elementor-element-6f88353 elementor-widget elementor-widget-spacer\" data-id=\"6f88353\" data-element_type=\"widget\" data-widget_type=\"spacer.default\">\n\t\t\t\t<div class=\"elementor-widget-container\">\n\t\t\t\t\t<div class=\"elementor-spacer\">\n\t\t\t<div class=\"elementor-spacer-inner\"><\/div>\n\t\t<\/div>\n\t\t\t\t<\/div>\n\t\t\t\t<\/div>\n\t\t\t\t<section class=\"elementor-section elementor-inner-section elementor-element elementor-element-527134d elementor-section-boxed elementor-section-height-default elementor-section-height-default\" data-id=\"527134d\" data-element_type=\"section\">\n\t\t\t\t\t\t<div class=\"elementor-container elementor-column-gap-default\">\n\t\t\t\t\t\t\t<div class=\"elementor-row\">\n\t\t\t\t\t<div class=\"elementor-column elementor-col-100 elementor-inner-column elementor-element elementor-element-3d3e5e6\" data-id=\"3d3e5e6\" data-element_type=\"column\">\n\t\t\t<div class=\"elementor-column-wrap elementor-element-populated\">\n\t\t\t\t\t\t\t<div class=\"elementor-widget-wrap\">\n\t\t\t\t\t\t<div class=\"elementor-element elementor-element-fcf2812 elementor-widget elementor-widget-heading\" data-id=\"fcf2812\" data-element_type=\"widget\" data-widget_type=\"heading.default\">\n\t\t\t\t<div class=\"elementor-widget-container\">\n\t\t\t<h2 class=\"elementor-heading-title elementor-size-default\">\u00bfqUI\u00c9N ES <span style=\"color: #ff1600\" ;=\"\">CRISTINA?<\/span><\/h2>\t\t<\/div>\n\t\t\t\t<\/div>\n\t\t\t\t\t\t<\/div>\n\t\t\t\t\t<\/div>\n\t\t<\/div>\n\t\t\t\t\t\t\t\t<\/div>\n\t\t\t\t\t<\/div>\n\t\t<\/section>\n\t\t\t\t<div class=\"elementor-element elementor-element-ca73e0f elementor-widget-divider--view-line elementor-widget elementor-widget-divider\" data-id=\"ca73e0f\" data-element_type=\"widget\" data-widget_type=\"divider.default\">\n\t\t\t\t<div class=\"elementor-widget-container\">\n\t\t\t\t\t<div class=\"elementor-divider\">\n\t\t\t<span class=\"elementor-divider-separator\">\n\t\t\t\t\t\t<\/span>\n\t\t<\/div>\n\t\t\t\t<\/div>\n\t\t\t\t<\/div>\n\t\t\t\t<div class=\"elementor-element elementor-element-bb3cb73 elementor-widget elementor-widget-spacer\" data-id=\"bb3cb73\" data-element_type=\"widget\" data-widget_type=\"spacer.default\">\n\t\t\t\t<div class=\"elementor-widget-container\">\n\t\t\t\t\t<div class=\"elementor-spacer\">\n\t\t\t<div class=\"elementor-spacer-inner\"><\/div>\n\t\t<\/div>\n\t\t\t\t<\/div>\n\t\t\t\t<\/div>\n\t\t\t\t\t\t<\/div>\n\t\t\t\t\t<\/div>\n\t\t<\/div>\n\t\t\t\t\t\t\t\t<\/div>\n\t\t\t\t\t<\/div>\n\t\t<\/section>\n\t\t\t\t<section class=\"elementor-section elementor-top-section elementor-element elementor-element-67883f0 elementor-section-boxed elementor-section-height-default elementor-section-height-default\" data-id=\"67883f0\" data-element_type=\"section\">\n\t\t\t\t\t\t<div class=\"elementor-container elementor-column-gap-default\">\n\t\t\t\t\t\t\t<div class=\"elementor-row\">\n\t\t\t\t\t<div class=\"elementor-column elementor-col-100 elementor-top-column elementor-element elementor-element-a9ba255\" data-id=\"a9ba255\" data-element_type=\"column\">\n\t\t\t<div class=\"elementor-column-wrap elementor-element-populated\">\n\t\t\t\t\t\t\t<div class=\"elementor-widget-wrap\">\n\t\t\t\t\t\t<section class=\"elementor-section elementor-inner-section elementor-element elementor-element-23cc63d elementor-section-boxed elementor-section-height-default elementor-section-height-default\" data-id=\"23cc63d\" data-element_type=\"section\">\n\t\t\t\t\t\t<div class=\"elementor-container elementor-column-gap-default\">\n\t\t\t\t\t\t\t<div class=\"elementor-row\">\n\t\t\t\t\t<div class=\"elementor-column elementor-col-50 elementor-inner-column elementor-element elementor-element-3fa12af\" data-id=\"3fa12af\" data-element_type=\"column\" data-settings=\"{&quot;background_background&quot;:&quot;classic&quot;}\">\n\t\t\t<div class=\"elementor-column-wrap elementor-element-populated\">\n\t\t\t\t\t\t\t<div class=\"elementor-widget-wrap\">\n\t\t\t\t\t\t<div class=\"elementor-element elementor-element-18b0415 elementor-widget elementor-widget-image\" data-id=\"18b0415\" data-element_type=\"widget\" data-widget_type=\"image.default\">\n\t\t\t\t<div class=\"elementor-widget-container\">\n\t\t\t\t\t\t\t\t<div class=\"elementor-image\">\n\t\t\t\t\t\t\t\t\t\t\t\t<img decoding=\"async\" width=\"748\" height=\"1024\" src=\"https:\/\/www.yosoycristina.com\/web\/wp-content\/uploads\/2020\/02\/Foto-perfil-748x1024.jpeg\" class=\"attachment-large size-large\" alt=\"\" loading=\"lazy\" srcset=\"https:\/\/www.yosoycristina.com\/web\/wp-content\/uploads\/2020\/02\/Foto-perfil-748x1024.jpeg 748w, https:\/\/www.yosoycristina.com\/web\/wp-content\/uploads\/2020\/02\/Foto-perfil-219x300.jpeg 219w, https:\/\/www.yosoycristina.com\/web\/wp-content\/uploads\/2020\/02\/Foto-perfil-768x1052.jpeg 768w, https:\/\/www.yosoycristina.com\/web\/wp-content\/uploads\/2020\/02\/Foto-perfil-1122x1536.jpeg 1122w, https:\/\/www.yosoycristina.com\/web\/wp-content\/uploads\/2020\/02\/Foto-perfil-1496x2048.jpeg 1496w, https:\/\/www.yosoycristina.com\/web\/wp-content\/uploads\/2020\/02\/Foto-perfil-600x822.jpeg 600w, https:\/\/www.yosoycristina.com\/web\/wp-content\/uploads\/2020\/02\/Foto-perfil-scaled.jpeg 1870w\" sizes=\"(max-width: 748px) 100vw, 748px\" \/>\t\t\t\t\t\t\t\t\t\t\t\t\t\t<\/div>\n\t\t\t\t\t\t<\/div>\n\t\t\t\t<\/div>\n\t\t\t\t\t\t<\/div>\n\t\t\t\t\t<\/div>\n\t\t<\/div>\n\t\t\t\t<div class=\"elementor-column elementor-col-50 elementor-inner-column elementor-element elementor-element-483f2ab\" data-id=\"483f2ab\" data-element_type=\"column\">\n\t\t\t<div class=\"elementor-column-wrap elementor-element-populated\">\n\t\t\t\t\t\t\t<div class=\"elementor-widget-wrap\">\n\t\t\t\t\t\t<div class=\"elementor-element elementor-element-7728a7f elementor-widget elementor-widget-heading\" data-id=\"7728a7f\" data-element_type=\"widget\" data-widget_type=\"heading.default\">\n\t\t\t\t<div class=\"elementor-widget-container\">\n\t\t\t<p class=\"elementor-heading-title elementor-size-default\">yo soy cristina<\/p>\t\t<\/div>\n\t\t\t\t<\/div>\n\t\t\t\t<div class=\"elementor-element elementor-element-0ac1b66 elementor-widget elementor-widget-heading\" data-id=\"0ac1b66\" data-element_type=\"widget\" data-widget_type=\"heading.default\">\n\t\t\t\t<div class=\"elementor-widget-container\">\n\t\t\t<h3 class=\"elementor-heading-title elementor-size-medium\">Soy esa voz que quiere inspirarte<\/h3>\t\t<\/div>\n\t\t\t\t<\/div>\n\t\t\t\t<div class=\"elementor-element elementor-element-0c917ae elementor-widget elementor-widget-heading\" data-id=\"0c917ae\" data-element_type=\"widget\" data-widget_type=\"heading.default\">\n\t\t\t\t<div class=\"elementor-widget-container\">\n\t\t\t<p class=\"elementor-heading-title elementor-size-default\">Soy esa voz que quiere recordarte que se puede. <br><br>\nSoy esa voz que te quiere hablar casi al o\u00eddo para decirte que el mundo es f\u00e1cil, si t\u00fa deseas que lo sea.<br><br> Soy esa voz que te va a dar \u00e1nimos y esperanza cuando t\u00fa no ncuentres un sentido a tu vida.   <\/p>\t\t<\/div>\n\t\t\t\t<\/div>\n\t\t\t\t\t\t<\/div>\n\t\t\t\t\t<\/div>\n\t\t<\/div>\n\t\t\t\t\t\t\t\t<\/div>\n\t\t\t\t\t<\/div>\n\t\t<\/section>\n\t\t\t\t\t\t<\/div>\n\t\t\t\t\t<\/div>\n\t\t<\/div>\n\t\t\t\t\t\t\t\t<\/div>\n\t\t\t\t\t<\/div>\n\t\t<\/section>\n\t\t\t\t<section class=\"elementor-section elementor-top-section elementor-element elementor-element-a2d1a19 elementor-section-height-min-height elementor-section-boxed elementor-section-height-default elementor-section-items-middle\" data-id=\"a2d1a19\" data-element_type=\"section\">\n\t\t\t\t\t\t<div class=\"elementor-container elementor-column-gap-default\">\n\t\t\t\t\t\t\t<div class=\"elementor-row\">\n\t\t\t\t\t<div class=\"elementor-column elementor-col-50 elementor-top-column elementor-element elementor-element-5e56325\" data-id=\"5e56325\" data-element_type=\"column\">\n\t\t\t<div class=\"elementor-column-wrap elementor-element-populated\">\n\t\t\t\t\t\t\t<div class=\"elementor-widget-wrap\">\n\t\t\t\t\t\t<section class=\"elementor-section elementor-inner-section elementor-element elementor-element-045ded2 elementor-section-boxed elementor-section-height-default elementor-section-height-default\" data-id=\"045ded2\" data-element_type=\"section\">\n\t\t\t\t\t\t<div class=\"elementor-container elementor-column-gap-default\">\n\t\t\t\t\t\t\t<div class=\"elementor-row\">\n\t\t\t\t\t<div class=\"elementor-column elementor-col-50 elementor-inner-column elementor-element elementor-element-62763f8\" data-id=\"62763f8\" data-element_type=\"column\">\n\t\t\t<div class=\"elementor-column-wrap elementor-element-populated\">\n\t\t\t\t\t\t\t<div class=\"elementor-widget-wrap\">\n\t\t\t\t\t\t<div class=\"elementor-element elementor-element-c7c3a7c elementor-view-default elementor-widget elementor-widget-icon\" data-id=\"c7c3a7c\" data-element_type=\"widget\" data-widget_type=\"icon.default\">\n\t\t\t\t<div class=\"elementor-widget-container\">\n\t\t\t\t\t<div class=\"elementor-icon-wrapper\">\n\t\t\t<div class=\"elementor-icon\">\n\t\t\t\t\t\t\t<i class=\"fa fa-quote-left\" aria-hidden=\"true\"><\/i>\n\t\t\t\t\t\t<\/div>\n\t\t<\/div>\n\t\t\t\t<\/div>\n\t\t\t\t<\/div>\n\t\t\t\t\t\t<\/div>\n\t\t\t\t\t<\/div>\n\t\t<\/div>\n\t\t\t\t<div class=\"elementor-column elementor-col-50 elementor-inner-column elementor-element elementor-element-41de464\" data-id=\"41de464\" data-element_type=\"column\">\n\t\t\t<div class=\"elementor-column-wrap elementor-element-populated\">\n\t\t\t\t\t\t\t<div class=\"elementor-widget-wrap\">\n\t\t\t\t\t\t<div class=\"elementor-element elementor-element-85fa1b0 elementor-widget elementor-widget-heading\" data-id=\"85fa1b0\" data-element_type=\"widget\" data-widget_type=\"heading.default\">\n\t\t\t\t<div class=\"elementor-widget-container\">\n\t\t\t<p class=\"elementor-heading-title elementor-size-default\">Pas\u00e9 por la ansiedad,  pas\u00e9 por varios problemas de salud serios y pas\u00e9 por la angustia y la soledad,  y decid\u00ed tomar una lecci\u00f3n de vida de cada uno de ellos.  Me negaba a creer que la vida fuera tan dif\u00edcil u oscura como el mundo me la hab\u00eda pintado. Ya no quer\u00eda seguir viviendo m\u00e1s en la queja o la desesperanza. Empec\u00e9 a pensar en por qu\u00e9 unas personas parec\u00edan tener \u00e9xito y abundancia en sus vidas y por qu\u00e9 otras no (yo incluida). Por primera vez en toda mi existencia me apetec\u00eda mucho re\u00edrme de todo y ver las cosas de otro color.  Y eso hice.  Y AQU\u00cd estoy\u2026.\n&nbsp;&nbsp;&nbsp;  <br>Me adentr\u00e9 en el mundo de la MEDITACI\u00d3N,   y descubr\u00ed que ah\u00ed quer\u00eda quedarme. Sal\u00ed de aquella primera clase llena de energ\u00eda. Por primera vez en muchos meses hab\u00eda conseguido pasar m\u00e1s de una hora sin ansiedad y sin llorar. MEDITAR me cambi\u00f3 la vida. Hab\u00eda encontrado (por f\u00edn) mi prop\u00f3sito de vida. Decid\u00ed que quer\u00eda ayudar a todas esas personas que estuvieran pasando por un momento de ansiedad y que al igual que yo,  se sintieran incomprendidas o solas.   \n<\/p>\t\t<\/div>\n\t\t\t\t<\/div>\n\t\t\t\t\t\t<\/div>\n\t\t\t\t\t<\/div>\n\t\t<\/div>\n\t\t\t\t\t\t\t\t<\/div>\n\t\t\t\t\t<\/div>\n\t\t<\/section>\n\t\t\t\t\t\t<\/div>\n\t\t\t\t\t<\/div>\n\t\t<\/div>\n\t\t\t\t<div class=\"elementor-column elementor-col-50 elementor-top-column elementor-element elementor-element-08ea821\" data-id=\"08ea821\" data-element_type=\"column\">\n\t\t\t<div class=\"elementor-column-wrap elementor-element-populated\">\n\t\t\t\t\t\t\t<div class=\"elementor-widget-wrap\">\n\t\t\t\t\t\t<section class=\"elementor-section elementor-inner-section elementor-element elementor-element-193a4c4 elementor-section-boxed elementor-section-height-default elementor-section-height-default\" data-id=\"193a4c4\" data-element_type=\"section\">\n\t\t\t\t\t\t<div class=\"elementor-container elementor-column-gap-default\">\n\t\t\t\t\t\t\t<div class=\"elementor-row\">\n\t\t\t\t\t<div class=\"elementor-column elementor-col-50 elementor-inner-column elementor-element elementor-element-69bdcaf\" data-id=\"69bdcaf\" data-element_type=\"column\">\n\t\t\t<div class=\"elementor-column-wrap elementor-element-populated\">\n\t\t\t\t\t\t\t<div class=\"elementor-widget-wrap\">\n\t\t\t\t\t\t<div class=\"elementor-element elementor-element-75363a0 elementor-view-default elementor-widget elementor-widget-icon\" data-id=\"75363a0\" data-element_type=\"widget\" data-widget_type=\"icon.default\">\n\t\t\t\t<div class=\"elementor-widget-container\">\n\t\t\t\t\t<div class=\"elementor-icon-wrapper\">\n\t\t\t<div class=\"elementor-icon\">\n\t\t\t\t\t\t\t<i class=\"fa fa-quote-left\" aria-hidden=\"true\"><\/i>\n\t\t\t\t\t\t<\/div>\n\t\t<\/div>\n\t\t\t\t<\/div>\n\t\t\t\t<\/div>\n\t\t\t\t\t\t<\/div>\n\t\t\t\t\t<\/div>\n\t\t<\/div>\n\t\t\t\t<div class=\"elementor-column elementor-col-50 elementor-inner-column elementor-element elementor-element-db3c198\" data-id=\"db3c198\" data-element_type=\"column\">\n\t\t\t<div class=\"elementor-column-wrap elementor-element-populated\">\n\t\t\t\t\t\t\t<div class=\"elementor-widget-wrap\">\n\t\t\t\t\t\t<div class=\"elementor-element elementor-element-73adf9b elementor-widget elementor-widget-heading\" data-id=\"73adf9b\" data-element_type=\"widget\" data-widget_type=\"heading.default\">\n\t\t\t\t<div class=\"elementor-widget-container\">\n\t\t\t<p class=\"elementor-heading-title elementor-size-default\">Abr\u00ed mi canal de YOUTUBE, el cual como siempre digo, nace del dolor.  Y comenc\u00e9 a FLUIR.\n<br>En la actualidad imparto clases de relajaci\u00f3n por diferentes sitios de la provincia de C\u00e1ceres, que combino con mi canal de Youtube y mis redes sociales.&nbsp;&nbsp; <br><br>CLASES: Ense\u00f1o a mis alumnos a trabajar con su salud y su paz interior. En mis clases encontrar\u00e1s ese lugar y ese ratito de desconexi\u00f3n mental que todo el mundo necesita. <br><br>V\u00cdDEOS: En mis v\u00eddeos tendr\u00e1s palabras de aliento y motivaci\u00f3n.<br><br>REDES: En mis redes sociales ver\u00e1s inspiraci\u00f3n.\n<br>Mi vida ahora es abundante y est\u00e1 llena de amor.   Que seas tan feliz como yo lo soy ahora.   Es mi deseo para ti.   \n<\/p>\t\t<\/div>\n\t\t\t\t<\/div>\n\t\t\t\t<div class=\"elementor-element elementor-element-1177b97 elementor-widget elementor-widget-heading\" data-id=\"1177b97\" data-element_type=\"widget\" data-widget_type=\"heading.default\">\n\t\t\t\t<div class=\"elementor-widget-container\">\n\t\t\t<p class=\"elementor-heading-title elementor-size-default\">BIENVENIDO\/A  A  MI  MUNDO!<\/p>\t\t<\/div>\n\t\t\t\t<\/div>\n\t\t\t\t<div class=\"elementor-element elementor-element-1667eee elementor-widget elementor-widget-heading\" data-id=\"1667eee\" data-element_type=\"widget\" data-widget_type=\"heading.default\">\n\t\t\t\t<div class=\"elementor-widget-container\">\n\t\t\t<h2 class=\"elementor-heading-title elementor-size-default\">Cristina Mart\u00edn S\u00e1nchez<\/h2>\t\t<\/div>\n\t\t\t\t<\/div>\n\t\t\t\t\t\t<\/div>\n\t\t\t\t\t<\/div>\n\t\t<\/div>\n\t\t\t\t\t\t\t\t<\/div>\n\t\t\t\t\t<\/div>\n\t\t<\/section>\n\t\t\t\t\t\t<\/div>\n\t\t\t\t\t<\/div>\n\t\t<\/div>\n\t\t\t\t\t\t\t\t<\/div>\n\t\t\t\t\t<\/div>\n\t\t<\/section>\n\t\t\t\t<section class=\"elementor-section elementor-top-section elementor-element elementor-element-072b1e5 elementor-section-full_width elementor-section-height-default elementor-section-height-default\" data-id=\"072b1e5\" data-element_type=\"section\">\n\t\t\t\t\t\t<div class=\"elementor-container elementor-column-gap-default\">\n\t\t\t\t\t\t\t<div class=\"elementor-row\">\n\t\t\t\t\t<div class=\"elementor-column elementor-col-100 elementor-top-column elementor-element elementor-element-7e0165d\" data-id=\"7e0165d\" data-element_type=\"column\">\n\t\t\t<div class=\"elementor-column-wrap elementor-element-populated\">\n\t\t\t\t\t\t\t<div class=\"elementor-widget-wrap\">\n\t\t\t\t\t\t<div class=\"elementor-element elementor-element-d882754 elementor-widget elementor-widget-spacer\" data-id=\"d882754\" data-element_type=\"widget\" data-widget_type=\"spacer.default\">\n\t\t\t\t<div class=\"elementor-widget-container\">\n\t\t\t\t\t<div class=\"elementor-spacer\">\n\t\t\t<div class=\"elementor-spacer-inner\"><\/div>\n\t\t<\/div>\n\t\t\t\t<\/div>\n\t\t\t\t<\/div>\n\t\t\t\t<div class=\"elementor-element elementor-element-2f2e0bd elementor-widget-divider--view-line elementor-widget elementor-widget-divider\" data-id=\"2f2e0bd\" data-element_type=\"widget\" data-widget_type=\"divider.default\">\n\t\t\t\t<div class=\"elementor-widget-container\">\n\t\t\t\t\t<div class=\"elementor-divider\">\n\t\t\t<span class=\"elementor-divider-separator\">\n\t\t\t\t\t\t<\/span>\n\t\t<\/div>\n\t\t\t\t<\/div>\n\t\t\t\t<\/div>\n\t\t\t\t<div class=\"elementor-element elementor-element-b55679e elementor-widget elementor-widget-spacer\" data-id=\"b55679e\" data-element_type=\"widget\" data-widget_type=\"spacer.default\">\n\t\t\t\t<div class=\"elementor-widget-container\">\n\t\t\t\t\t<div class=\"elementor-spacer\">\n\t\t\t<div class=\"elementor-spacer-inner\"><\/div>\n\t\t<\/div>\n\t\t\t\t<\/div>\n\t\t\t\t<\/div>\n\t\t\t\t\t\t<\/div>\n\t\t\t\t\t<\/div>\n\t\t<\/div>\n\t\t\t\t\t\t\t\t<\/div>\n\t\t\t\t\t<\/div>\n\t\t<\/section>\n\t\t\t\t<section class=\"elementor-section elementor-top-section elementor-element elementor-element-0f0a814 elementor-section-boxed elementor-section-height-default elementor-section-height-default\" data-id=\"0f0a814\" data-element_type=\"section\">\n\t\t\t\t\t\t<div class=\"elementor-container elementor-column-gap-default\">\n\t\t\t\t\t\t\t<div class=\"elementor-row\">\n\t\t\t\t\t<div class=\"elementor-column elementor-col-100 elementor-top-column elementor-element elementor-element-689b36a\" data-id=\"689b36a\" data-element_type=\"column\">\n\t\t\t<div class=\"elementor-column-wrap elementor-element-populated\">\n\t\t\t\t\t\t\t<div class=\"elementor-widget-wrap\">\n\t\t\t\t\t\t<div class=\"elementor-element elementor-element-8ff8ddd elementor-widget elementor-widget-spacer\" data-id=\"8ff8ddd\" data-element_type=\"widget\" data-widget_type=\"spacer.default\">\n\t\t\t\t<div class=\"elementor-widget-container\">\n\t\t\t\t\t<div class=\"elementor-spacer\">\n\t\t\t<div class=\"elementor-spacer-inner\"><\/div>\n\t\t<\/div>\n\t\t\t\t<\/div>\n\t\t\t\t<\/div>\n\t\t\t\t\t\t<\/div>\n\t\t\t\t\t<\/div>\n\t\t<\/div>\n\t\t\t\t\t\t\t\t<\/div>\n\t\t\t\t\t<\/div>\n\t\t<\/section>\n\t\t\t\t\t\t<\/div>\n\t\t\t\t\t\t<\/div>\n\t\t\t\t\t<\/div>\n\t\t","protected":false},"excerpt":{"rendered":"<p>\u00bfqUI\u00c9N ES CRISTINA? yo soy cristina Soy esa voz que quiere inspirarte Soy esa voz que quiere recordarte que se puede. Soy esa voz que te quiere hablar casi al o\u00eddo para decirte que el mundo es f\u00e1cil, si t\u00fa deseas que lo sea. Soy esa voz que te va a dar \u00e1nimos y esperanza [&hellip;]<\/p>\n","protected":false},"author":1,"featured_media":0,"parent":0,"menu_order":0,"comment_status":"closed","ping_status":"closed","template":"page-templates\/pagebuilder.php","meta":[],"_links":{"self":[{"href":"https:\/\/www.yosoycristina.com\/web\/wp-json\/wp\/v2\/pages\/552"}],"collection":[{"href":"https:\/\/www.yosoycristina.com\/web\/wp-json\/wp\/v2\/pages"}],"about":[{"href":"https:\/\/www.yosoycristina.com\/web\/wp-json\/wp\/v2\/types\/page"}],"author":[{"embeddable":true,"href":"https:\/\/www.yosoycristina.com\/web\/wp-json\/wp\/v2\/users\/1"}],"replies":[{"embeddable":true,"href":"https:\/\/www.yosoycristina.com\/web\/wp-json\/wp\/v2\/comments?post=552"}],"version-history":[{"count":10,"href":"https:\/\/www.yosoycristina.com\/web\/wp-json\/wp\/v2\/pages\/552\/revisions"}],"predecessor-version":[{"id":780,"href":"https:\/\/www.yosoycristina.com\/web\/wp-json\/wp\/v2\/pages\/552\/revisions\/780"}],"wp:attachment":[{"href":"https:\/\/www.yosoycristina.com\/web\/wp-json\/wp\/v2\/media?parent=552"}],"curies":[{"name":"wp","href":"https:\/\/api.w.org\/{rel}","templated":true}]}}