{"id":1178,"date":"2020-06-07T11:15:46","date_gmt":"2020-06-07T11:15:46","guid":{"rendered":"https:\/\/www.yosoycristina.com\/web\/?post_type=product&#038;p=1178"},"modified":"2020-07-01T07:41:39","modified_gmt":"2020-07-01T07:41:39","slug":"picardia-rojo","status":"publish","type":"product","link":"https:\/\/www.yosoycristina.com\/web\/producto\/picardia-rojo\/","title":{"rendered":"Picard\u00eda rojo"},"content":{"rendered":"<div id=\"fb-root\"><\/div>\n<p>Atrevido picard\u00eda de encaje rojo.\u00a0 \u00a0Los tirantes del sujetador son regulables.\u00a0 Lleva peque\u00f1os lazos que le dan un dise\u00f1o muy bonito.\u00a0 Incorpora tanga de tiras.\u00a0 Te ver\u00e1s s\u00faper guapa con \u00e9l.<\/p>\n<p>*por cuestiones de higiene la ropa interior no admite devoluciones.<\/p>\n","protected":false},"excerpt":{"rendered":"<p>Picard\u00eda<\/p>\n<p>Encaje rojo<\/p>\n<p>90% poliamida\u00a0 \u00a0 10% elastano<\/p>\n<p>&nbsp;<\/p>\n","protected":false},"featured_media":1179,"comment_status":"open","ping_status":"closed","template":"","meta":[],"_links":{"self":[{"href":"https:\/\/www.yosoycristina.com\/web\/wp-json\/wp\/v2\/product\/1178"}],"collection":[{"href":"https:\/\/www.yosoycristina.com\/web\/wp-json\/wp\/v2\/product"}],"about":[{"href":"https:\/\/www.yosoycristina.com\/web\/wp-json\/wp\/v2\/types\/product"}],"replies":[{"embeddable":true,"href":"https:\/\/www.yosoycristina.com\/web\/wp-json\/wp\/v2\/comments?post=1178"}],"wp:featuredmedia":[{"embeddable":true,"href":"https:\/\/www.yosoycristina.com\/web\/wp-json\/wp\/v2\/media\/1179"}],"wp:attachment":[{"href":"https:\/\/www.yosoycristina.com\/web\/wp-json\/wp\/v2\/media?parent=1178"}],"curies":[{"name":"wp","href":"https:\/\/api.w.org\/{rel}","templated":true}]}}