{"id":1557,"date":"2020-11-03T12:29:09","date_gmt":"2020-11-03T12:29:09","guid":{"rendered":"https:\/\/www.yosoycristina.com\/web\/?post_type=product&#038;p=1557"},"modified":"2020-11-03T12:29:09","modified_gmt":"2020-11-03T12:29:09","slug":"legging-termico-fantasia-70261","status":"publish","type":"product","link":"https:\/\/www.yosoycristina.com\/web\/producto\/legging-termico-fantasia-70261\/","title":{"rendered":"Legging T\u00e9rmico Fantas\u00eda 70261"},"content":{"rendered":"<div id=\"fb-root\"><\/div>\n<p>Legging corte Skinny.\u00a0 Textura de efecto encerado.\u00a0 T\u00e9rmico, ideal para los d\u00edas de fr\u00edo.\u00a0 \u00a0Muy c\u00f3modos y estilizados.\u00a0 De Ysabel Mora.\u00a0 \u00a0Con efecto push-up y cristalitos de Swarovski.<\/p>\n<p>*Comprueba bien tu talla antes de hacer tu pedido<\/p>\n","protected":false},"excerpt":{"rendered":"<p>Legging T\u00e9rmico Fantas\u00eda 70261<\/p>\n<p>Ysabel Mora<\/p>\n<p>95% Poli\u00e9ster, 5% Elastano<\/p>\n","protected":false},"featured_media":1558,"comment_status":"open","ping_status":"closed","template":"","meta":[],"_links":{"self":[{"href":"https:\/\/www.yosoycristina.com\/web\/wp-json\/wp\/v2\/product\/1557"}],"collection":[{"href":"https:\/\/www.yosoycristina.com\/web\/wp-json\/wp\/v2\/product"}],"about":[{"href":"https:\/\/www.yosoycristina.com\/web\/wp-json\/wp\/v2\/types\/product"}],"replies":[{"embeddable":true,"href":"https:\/\/www.yosoycristina.com\/web\/wp-json\/wp\/v2\/comments?post=1557"}],"wp:featuredmedia":[{"embeddable":true,"href":"https:\/\/www.yosoycristina.com\/web\/wp-json\/wp\/v2\/media\/1558"}],"wp:attachment":[{"href":"https:\/\/www.yosoycristina.com\/web\/wp-json\/wp\/v2\/media?parent=1557"}],"curies":[{"name":"wp","href":"https:\/\/api.w.org\/{rel}","templated":true}]}}