{"id":1570,"date":"2020-11-03T13:00:41","date_gmt":"2020-11-03T13:00:41","guid":{"rendered":"https:\/\/www.yosoycristina.com\/web\/?post_type=product&#038;p=1570"},"modified":"2020-11-03T13:00:41","modified_gmt":"2020-11-03T13:00:41","slug":"sujetador-negro-tipo-top-sloggi-zero-feel","status":"publish","type":"product","link":"https:\/\/www.yosoycristina.com\/web\/producto\/sujetador-negro-tipo-top-sloggi-zero-feel\/","title":{"rendered":"Sujetador Negro tipo Top Sloggi Zero Feel"},"content":{"rendered":"<div id=\"fb-root\"><\/div>\n<p>Sujetador tipo top en color negro de la marca Sloggi de la colecci\u00f3n Zero Feel.\u00a0 No oprime, es s\u00faper c\u00f3modo y pr\u00e1ctico de llevar.\u00a0 Se adapta al cuerpo como una segunda piel.\u00a0 \u00a0A la hora de hacer tu pedido pide una talla menos de la que habitualmente utilizas.<\/p>\n<p>&nbsp;<\/p>\n<p>*por cuestiones de seguridad e higiene no se aceptan devoluciones de este producto.<\/p>\n","protected":false},"excerpt":{"rendered":"<p>Sujetador Tipo Top Negro<\/p>\n<p>Marca Sloggi Colecci\u00f3n Zero Feel<\/p>\n<p>70% poliamida\u00a0 \u00a030% elastano<\/p>\n","protected":false},"featured_media":1571,"comment_status":"open","ping_status":"closed","template":"","meta":[],"_links":{"self":[{"href":"https:\/\/www.yosoycristina.com\/web\/wp-json\/wp\/v2\/product\/1570"}],"collection":[{"href":"https:\/\/www.yosoycristina.com\/web\/wp-json\/wp\/v2\/product"}],"about":[{"href":"https:\/\/www.yosoycristina.com\/web\/wp-json\/wp\/v2\/types\/product"}],"replies":[{"embeddable":true,"href":"https:\/\/www.yosoycristina.com\/web\/wp-json\/wp\/v2\/comments?post=1570"}],"wp:featuredmedia":[{"embeddable":true,"href":"https:\/\/www.yosoycristina.com\/web\/wp-json\/wp\/v2\/media\/1571"}],"wp:attachment":[{"href":"https:\/\/www.yosoycristina.com\/web\/wp-json\/wp\/v2\/media?parent=1570"}],"curies":[{"name":"wp","href":"https:\/\/api.w.org\/{rel}","templated":true}]}}