{"id":1591,"date":"2020-11-04T12:09:48","date_gmt":"2020-11-04T12:09:48","guid":{"rendered":"https:\/\/www.yosoycristina.com\/web\/?post_type=product&#038;p=1591"},"modified":"2020-11-04T12:09:48","modified_gmt":"2020-11-04T12:09:48","slug":"pijama-de-hombre","status":"publish","type":"product","link":"https:\/\/www.yosoycristina.com\/web\/producto\/pijama-de-hombre\/","title":{"rendered":"Pijama de hombre"},"content":{"rendered":"<div id=\"fb-root\"><\/div>\n<p>Precioso pijama largo para hombre, de algod\u00f3n interlock, para temporada oto\u00f1o-invierno. De la marca Muydemi.<\/p>\n<p>Camiseta en azul marino, con parte delantera y detalles en gris vigor\u00e9. Pu\u00f1o en las mangas. Estaapado y bordado en la parte delantera.<\/p>\n<p>Pantal\u00f3n en azul marino, con pu\u00f1os, goma en la cintura y cord\u00f3n de ajuste. Pantal\u00f3n con bolsillos.<\/p>\n<p>C\u00f3modo con un toque juvenil.<\/p>\n","protected":false},"excerpt":{"rendered":"<p>Pijama de hombre<\/p>\n<p>Muydemi 310017<\/p>\n<p>100% algod\u00f3n<\/p>\n","protected":false},"featured_media":1592,"comment_status":"open","ping_status":"closed","template":"","meta":[],"_links":{"self":[{"href":"https:\/\/www.yosoycristina.com\/web\/wp-json\/wp\/v2\/product\/1591"}],"collection":[{"href":"https:\/\/www.yosoycristina.com\/web\/wp-json\/wp\/v2\/product"}],"about":[{"href":"https:\/\/www.yosoycristina.com\/web\/wp-json\/wp\/v2\/types\/product"}],"replies":[{"embeddable":true,"href":"https:\/\/www.yosoycristina.com\/web\/wp-json\/wp\/v2\/comments?post=1591"}],"wp:featuredmedia":[{"embeddable":true,"href":"https:\/\/www.yosoycristina.com\/web\/wp-json\/wp\/v2\/media\/1592"}],"wp:attachment":[{"href":"https:\/\/www.yosoycristina.com\/web\/wp-json\/wp\/v2\/media?parent=1591"}],"curies":[{"name":"wp","href":"https:\/\/api.w.org\/{rel}","templated":true}]}}