{"id":1605,"date":"2020-11-04T12:37:31","date_gmt":"2020-11-04T12:37:31","guid":{"rendered":"https:\/\/www.yosoycristina.com\/web\/?post_type=product&#038;p=1605"},"modified":"2020-11-04T12:37:31","modified_gmt":"2020-11-04T12:37:31","slug":"pijama-my-love-mujer","status":"publish","type":"product","link":"https:\/\/www.yosoycristina.com\/web\/producto\/pijama-my-love-mujer\/","title":{"rendered":"Pijama My Love mujer"},"content":{"rendered":"<div id=\"fb-root\"><\/div>\n<p>Precioso Pijama\u00a0 de la marca Muydemi micropolar de mujer.<\/p>\n<p>Con pu\u00f1o en la parte inferior del pantal\u00f3n, pantal\u00f3n estampado de cuadros.<\/p>\n","protected":false},"excerpt":{"rendered":"<p>Pijama My Love mujer<\/p>\n<p>Muydemi 210501<\/p>\n<p>Camiseta 100% algod\u00f3n<\/p>\n<p>Pantal\u00f3n 94% algod\u00f3n y 6% poli\u00e9ster<\/p>\n","protected":false},"featured_media":1606,"comment_status":"open","ping_status":"closed","template":"","meta":[],"_links":{"self":[{"href":"https:\/\/www.yosoycristina.com\/web\/wp-json\/wp\/v2\/product\/1605"}],"collection":[{"href":"https:\/\/www.yosoycristina.com\/web\/wp-json\/wp\/v2\/product"}],"about":[{"href":"https:\/\/www.yosoycristina.com\/web\/wp-json\/wp\/v2\/types\/product"}],"replies":[{"embeddable":true,"href":"https:\/\/www.yosoycristina.com\/web\/wp-json\/wp\/v2\/comments?post=1605"}],"wp:featuredmedia":[{"embeddable":true,"href":"https:\/\/www.yosoycristina.com\/web\/wp-json\/wp\/v2\/media\/1606"}],"wp:attachment":[{"href":"https:\/\/www.yosoycristina.com\/web\/wp-json\/wp\/v2\/media?parent=1605"}],"curies":[{"name":"wp","href":"https:\/\/api.w.org\/{rel}","templated":true}]}}