{"id":845,"date":"2020-05-28T15:54:46","date_gmt":"2020-05-28T15:54:46","guid":{"rendered":"https:\/\/www.yosoycristina.com\/web\/?post_type=product&#038;p=845"},"modified":"2020-11-04T08:03:57","modified_gmt":"2020-11-04T08:03:57","slug":"sujetador-sloggi","status":"publish","type":"product","link":"https:\/\/www.yosoycristina.com\/web\/producto\/sujetador-sloggi\/","title":{"rendered":"Sujetador SALM\u00d3N Tipo Top Sloggi Zero feel"},"content":{"rendered":"<div id=\"fb-root\"><\/div>\n<p>Sujetador TIPO TOP Sloggi,\u00a0 de su colecci\u00f3n Zero feel.\u00a0 \u00a0Es ideal para todas aquellas que busc\u00e1is un sujetador que no oprima ni apriete con inc\u00f3modos aros.\u00a0 \u00a0Perfecto para tu vida diaria y para todas esas actividades tranquilas como ciertos tipos de yoga y meditaci\u00f3n.\u00a0 \u00a0 Dif\u00edcil de describir lo incre\u00edblemente c\u00f3modo que es.\u00a0 COMO UNA SEGUNDA PIEL.\u00a0 Os aseguro que cuando lo prob\u00e9is no querr\u00e9is poneros otro&#8230;<\/p>\n<p>*por cuestiones de higiene la ropa interior no admite devoluciones.<\/p>\n","protected":false},"excerpt":{"rendered":"<p>Color Salm\u00f3n<\/p>\n<p>70% Poliamida\u00a0 \u00a030% Elastano<\/p>\n<p>Muy f\u00e1cil de poner y de llevar<\/p>\n<p>&nbsp;<\/p>\n<p>&nbsp;<\/p>\n<p>&nbsp;<\/p>\n","protected":false},"featured_media":1582,"comment_status":"open","ping_status":"closed","template":"","meta":[],"_links":{"self":[{"href":"https:\/\/www.yosoycristina.com\/web\/wp-json\/wp\/v2\/product\/845"}],"collection":[{"href":"https:\/\/www.yosoycristina.com\/web\/wp-json\/wp\/v2\/product"}],"about":[{"href":"https:\/\/www.yosoycristina.com\/web\/wp-json\/wp\/v2\/types\/product"}],"replies":[{"embeddable":true,"href":"https:\/\/www.yosoycristina.com\/web\/wp-json\/wp\/v2\/comments?post=845"}],"wp:featuredmedia":[{"embeddable":true,"href":"https:\/\/www.yosoycristina.com\/web\/wp-json\/wp\/v2\/media\/1582"}],"wp:attachment":[{"href":"https:\/\/www.yosoycristina.com\/web\/wp-json\/wp\/v2\/media?parent=845"}],"curies":[{"name":"wp","href":"https:\/\/api.w.org\/{rel}","templated":true}]}}